{"id":3,"date":"2023-02-14T16:02:00","date_gmt":"2023-02-14T15:02:00","guid":{"rendered":"http:\/\/filialen.bergischebuchhandlung.de\/?page_id=3"},"modified":"2023-03-06T16:49:49","modified_gmt":"2023-03-06T15:49:49","slug":"datenschutzerklaerung","status":"publish","type":"page","link":"https:\/\/bergischebuchhandlung.de\/?page_id=3","title":{"rendered":"Datenschutzerkl\u00e4rung Bergische Buchhandlung"},"content":{"rendered":"\n<h2 class=\"wp-block-heading\">1. Grunds\u00e4tze des Datenschutzes<\/h2>\n\n\n\n<p class=\"has-black-color has-text-color\">Wir legen auf den Schutz Ihrer personenbezogenen Daten gro\u00dfen Wert und halten uns an die datenschutzrechtlichen Bestimmungen. Wir sind verpflichtet, Sie \u00fcber Art, Umfang und Zwecke der Erhebung und Verwendung personenbezogener Daten zu informieren. Personenbezogene Daten sind Einzelangaben \u00fcber pers\u00f6nliche oder sachliche Verh\u00e4ltnisse einer bestimmten oder bestimmbaren nat\u00fcrlichen Person. Personenbezogene Daten sind etwas der Name, die Anschrift, die E-Mail-Adresse und die Bankverbindung.<\/p>\n\n\n\n<h2 class=\"wp-block-heading\">2. Datenverarbeitung auf dieser Website<\/h2>\n\n\n\n<h3 class=\"wp-block-heading\">Protokollierung des Besuchs unserer Webseiten<\/h3>\n\n\n\n<p class=\"has-black-color has-text-color\">Ihr Besuch unserer Webseiten wird protokolliert. Erfasst werden im Wesentlichen die aktuell von Ihrem PC verwendete IP-Adresse, Datum und Uhrzeit, Browsertyp und -version, das Betriebssystem Ihres PC, die von Ihnen betrachteten Seiten, Name und Gr\u00f6\u00dfe der angefragten Datei(en) sowie ggf. die URL der verweisenden Webseite.<\/p>\n\n\n\n<p class=\"has-black-color has-text-color\">Diese Daten werden nur f\u00fcr Zwecke der Datensicherheit und zur Optimierung unseres Webangebots sowie zur Fehleranalyse erhoben. Eine sonstige Auswertung der Daten, au\u00dfer f\u00fcr statistische Zwecke und dann grunds\u00e4tzlich anonymisierter Form, erfolgt nicht.<\/p>\n\n\n\n<p class=\"has-black-color has-text-color\">Es werden auch keine personenbezogenen Surfprofile oder \u00e4hnliches erstellt oder verarbeitet.<\/p>\n\n\n\n<h3 class=\"wp-block-heading\">Erhebung, Verarbeitung und Nutzung personenbezogener Daten<\/h3>\n\n\n\n<p class=\"has-black-color has-text-color\">Personenbezogene Daten werden nur dann erhoben und verarbeitet, wenn Sie uns diese \u00fcber die Website der Bergischen Buchhandlung in einem Kontaktformular oder per E-Mail mitteilen.<\/p>\n\n\n\n<p class=\"has-black-color has-text-color\">Die Verarbeitung personenbezogener Kundendaten bei der Bergischen Buchhandlung dient in erster Linie der Begr\u00fcndung eines Vertragsverh\u00e4ltnisses (Bestellung) und dessen Abwicklung (Lieferung, Abrechnung, und Zahlung). Zu diesem Zweck ist die Erhebung und Verarbeitung von pers\u00f6nlichen Kontaktdaten erforderlich. Dazu z\u00e4hlt insbesondere Name\/Vorname, Anschrift bzw. Lieferadresse, E-Mail-Adresse, Telefon, Kontonummer und Bankverbindung.<\/p>\n\n\n\n<p class=\"has-black-color has-text-color\">Um Ihre Bestellung abwickeln und an Sie ausliefern zu k\u00f6nnen, geben wir Ihren Namen und Ihre Adressdaten an den jeweils mit der Auslieferung beauftragten Lieferdienst weiter.<\/p>\n\n\n\n<p class=\"has-black-color has-text-color\">Soweit wir zur Durchf\u00fchrung und Abwicklung von Verarbeitungsprozessen Dienstleister (&#8218;Dritte&#8216;) in Anspruch nehmen, werden die Vertragsverh\u00e4ltnisse nach den Bestimmungen des Bundesdatenschutzgesetzes geregelt. Insbesondere stellen wir sicher, dass im Falle einer Auftragsdatenverarbeitung die Anforderungen des \u00a7 11 BDSG eingehalten werden.<\/p>\n\n\n\n<p class=\"has-black-color has-text-color\">Im \u00dcbrigen werden personenbezogene Daten, die Sie uns mitgeteilt haben, nur f\u00fcr den Zweck verarbeitet, zu dem Sie uns anvertraut wurden. Daraus folgt, dass Daten ohne Ihre Einwilligung nicht an Dritte weitergegeben werden, es sei denn wir w\u00e4ren rechtlich, z.B. zum Zwecke der Strafverfolgung, hierzu verpflichtet.<\/p>\n\n\n\n<p class=\"has-black-color has-text-color\">\u00dcber die weiter oben beschriebene Protokollierung werden personenbezogene Daten nur verwendet, sofern Sie uns diese von sich aus zur Verf\u00fcgung gestellt haben. Wenn Sie \u00fcber unserem Webshop eine Bestellung aufgeben m\u00f6chten, m\u00fcssen Sie sich \u00fcber unser Kontaktformular registrieren. Hierzu gibt es einige Pflichtangaben, die wir zur Bearbeitung Ihrer Bestellung ben\u00f6tigen. Hierbei handelt es sich um den Namen, und die E-Mail-Adresse.<\/p>\n\n\n\n<p class=\"has-black-color has-text-color\">Diese personenbezogenen Daten, die Sie uns \u00fcber unser Formular, im Zuge der Registrierung oder sonst wie, z. B. per E-Mail oder auf dem Postweg mitteilen (z. B. Ihr Name, Kontakt- und Kontodaten), werden nur zur Korrespondenz mit Ihnen und nur f\u00fcr den Zweck verarbeitet, zu dem Sie uns diese Daten zur Verf\u00fcgung gestellt haben, wie insbesondere zur Abwicklung der von Ihnen get\u00e4tigten Bestellungen.<\/p>\n\n\n\n<p class=\"has-black-color has-text-color\">Sofern Sie die Bezahlung \u00fcber PayPal w\u00e4hlen, werden Sie auf die dortige Webseite umgeleitet. Dort k\u00f6nnen Sie sich anmelden und die Bezahlung \u00fcber PayPal vornehmen. Wir erhalten von PayPal keine Bankdaten von Ihnen. Weitere Informationen \u00fcber die Sicherheit des Zahlungsverkehrs und den Datenschutz erhalten Sie \u00fcber&nbsp;<a rel=\"noreferrer noopener\" target=\"_blank\" href=\"https:\/\/www.paypal.de\/\">www.paypal.de<\/a>.<\/p>\n\n\n\n<p class=\"has-black-color has-text-color\">Bei der Zahlung \u00fcber Kreditkarte, werden Ihre Kreditkartendaten bei der Bergischen Buchhandlung R. Schmitz nicht gespeichert, sondern direkt an den Zahlungsdienstleister PayPal \u00fcbermittelt. N\u00e4heres \u00fcber die Sicherheit des Zahlungsverkehrs und den Datenschutz finden Sie unter&nbsp;<a rel=\"noreferrer noopener\" target=\"_blank\" href=\"https:\/\/www.paypal.de\/\">www.paypal.de<\/a>.<\/p>\n\n\n\n<h2 class=\"wp-block-heading\">3. Hinweis zum Einsatz von Cookies<\/h2>\n\n\n\n<p class=\"has-black-color has-text-color\">Wir verwenden auf unserer Website Cookies. Dabei handelt es sich um kleine Dateien, die auf der Festplatte Ihres Computers vom Browser abgelegt werden und der Erleichterung der Online-Navigation dienen. So erm\u00f6glicht ein von uns verwendetes Cookie das Speichern des Warenkorbinhaltes. Auf diese Weise kann der Besucher zwischenzeitlich andere Websites besuchen und zum Shop zur\u00fcckkehren, ohne seine Auswahl erneut treffen zu m\u00fcssen. Das Cookie ist bis zum Schlie\u00dfen des Browserfensters g\u00fcltig, danach wird es wieder gel\u00f6scht. Er enth\u00e4lt keine personenbezogenen Daten, sondern nur eine Session-ID, welche von der Website abgeglichen wird. Sie k\u00f6nnen die Annahme von Cookies verweigern, indem Sie Ihren Browser entsprechend konfigurieren. Weitere Informationen hierzu entnehmen Sie bitte den Hilfetexten Ihres Browsers. Wenn Sie keine Cookies akzeptieren, kann dies zu Funktionseinschr\u00e4nkungen der Online-Dienste der Bergischen Buchhandlung f\u00fchren. Beispielsweise k\u00f6nnen die Online-Dienste, welche eine Kundenauthentifizierung mit Benutzernamen und Passwort erfordern, nicht genutzt werden, da sie aus Sicherheitsgr\u00fcnden so genannte Session-Cookies verwenden, die der Browser wieder entfernt, wenn Sie sich ausloggen oder wenn das Browserfenster geschlossen wird.<\/p>\n\n\n\n<h2 class=\"wp-block-heading\">4. Hinweis zu Sicherheit und Vertraulichkeit personenbezogener Daten<\/h2>\n\n\n\n<p class=\"has-black-color has-text-color\">Wir gew\u00e4hrleisten die Vertraulichkeit und Sicherheit Ihrer personenbezogenen Daten dadurch, dass<\/p>\n\n\n\n<ul class=\"has-black-color has-text-color wp-block-list\">\n<li>wir Ihre pers\u00f6nlichen Daten, soweit Sie uns diese \u00fcber unsere Website oder im Rahmen der E Mail-Kommunikation mitteilen, nur zur Erf\u00fcllung Ihres Wunschs oder Anliegens verwenden,<\/li>\n\n\n\n<li>unsere Mitarbeiterinnen und Mitarbeiter Verschwiegenheitspflichten zu wahren haben,<\/li>\n\n\n\n<li>unsere Sicherheitsvorkehrungen in angemessenem Umfang dem aktuellen Stand der Technik entsprechen,<\/li>\n\n\n\n<li>unsere Systeme regelm\u00e4\u00dfig auf Sicherheit \u00fcberpr\u00fcft werden, damit wir nachhaltig vor etwaigen Sch\u00e4digungen, Verlusten und Zugriffen auf bei uns vorgehaltene Daten sch\u00fctzen k\u00f6nnen,<\/li>\n\n\n\n<li>externe Dienstleister entsprechend \u00a7 11 BDSG verpflichten.<\/li>\n<\/ul>\n\n\n\n<p class=\"has-black-color has-text-color\">Wir weisen darauf hin, dass die Registrierung durch eine sichere Passwortvergabe und die elektronische Kommunikation per E-Mail und Bestellformular der Website verschl\u00fcsselt \u00fcber SSL erfolgt. Auf diese Weise sorgen wir f\u00fcr eine hinreichende Sicherheit bez\u00fcglich der \u00dcbermittlung Ihrer personenbezogenen Daten.<\/p>\n\n\n\n<p class=\"has-black-color has-text-color\">Wir speichern Ihre Bestellung und senden ihnen die Bestelldaten und unsere AGB per E-Mail zu. Ihre Bestelldaten sind aus Sicherheitsgr\u00fcnden nicht mehr \u00fcber das Internet zug\u00e4nglich.<\/p>\n\n\n\n<h2 class=\"wp-block-heading\">5. Recht auf Auskunft, Berichtigung, L\u00f6schung<\/h2>\n\n\n\n<p class=\"has-black-color has-text-color\">Sie k\u00f6nnen von der\u00a0<strong>Bergischen Buchhandlung<\/strong>\u00a0als verantwortliche Stelle im Sinne des Bundesdatenschutzgesetzes Auskunft \u00fcber die zu Ihrer Person gespeicherten Daten und im Rahmen der gesetzlichen Bestimmungen deren Berichtigung, L\u00f6schung oder Sperrung verlangen.<\/p>\n\n\n\n<h2 class=\"wp-block-heading\">6. Verantwortliche Stelle<\/h2>\n\n\n\n<p class=\"has-black-color has-text-color\">Die\u00a0<strong>Bergische Buchhandlung<\/strong>\u00a0ist Diensteanbieter im Sinne des Telemediengesetzes und verantwortliche Stelle im Sinne des Bundesdatenschutzgesetzes.<\/p>\n\n\n\n<p class=\"has-black-color has-text-color\"><strong>Bergische Buchhandlung<\/strong><br>RS Gesellschaft f\u00fcr Informationstechnik mbH &amp; Co. KG<br>Auf dem Knapp 35<br>42855 Remscheid<br>Telefon: 02191\/909440<br>E-Mail: info@bergischebuchhandlung.de<\/p>\n\n\n\n<p class=\"has-black-color has-text-color\">Vertretungsberechtigt:<br>Arndt Halbach, Martin Czialla<\/p>\n","protected":false},"excerpt":{"rendered":"<p>1. Grunds\u00e4tze des Datenschutzes Wir legen auf den Schutz Ihrer personenbezogenen Daten gro\u00dfen Wert und halten uns an die datenschutzrechtlichen Bestimmungen. Wir sind verpflichtet, Sie \u00fcber Art, Umfang und Zwecke der Erhebung und Verwendung personenbezogener Daten zu informieren. Personenbezogene Daten sind Einzelangaben \u00fcber pers\u00f6nliche oder sachliche Verh\u00e4ltnisse einer bestimmten oder bestimmbaren nat\u00fcrlichen Person. Personenbezogene Daten [&hellip;]<\/p>\n","protected":false},"author":1,"featured_media":0,"parent":0,"menu_order":0,"comment_status":"closed","ping_status":"closed","template":"","meta":{"footnotes":""},"class_list":["post-3","page","type-page","status-publish","hentry","entry"],"_links":{"self":[{"href":"https:\/\/bergischebuchhandlung.de\/index.php?rest_route=\/wp\/v2\/pages\/3","targetHints":{"allow":["GET"]}}],"collection":[{"href":"https:\/\/bergischebuchhandlung.de\/index.php?rest_route=\/wp\/v2\/pages"}],"about":[{"href":"https:\/\/bergischebuchhandlung.de\/index.php?rest_route=\/wp\/v2\/types\/page"}],"author":[{"embeddable":true,"href":"https:\/\/bergischebuchhandlung.de\/index.php?rest_route=\/wp\/v2\/users\/1"}],"replies":[{"embeddable":true,"href":"https:\/\/bergischebuchhandlung.de\/index.php?rest_route=%2Fwp%2Fv2%2Fcomments&post=3"}],"version-history":[{"count":6,"href":"https:\/\/bergischebuchhandlung.de\/index.php?rest_route=\/wp\/v2\/pages\/3\/revisions"}],"predecessor-version":[{"id":161,"href":"https:\/\/bergischebuchhandlung.de\/index.php?rest_route=\/wp\/v2\/pages\/3\/revisions\/161"}],"wp:attachment":[{"href":"https:\/\/bergischebuchhandlung.de\/index.php?rest_route=%2Fwp%2Fv2%2Fmedia&parent=3"}],"curies":[{"name":"wp","href":"https:\/\/api.w.org\/{rel}","templated":true}]}}